{"id":2585,"date":"2021-01-14T16:03:20","date_gmt":"2021-01-14T21:03:20","guid":{"rendered":"https:\/\/www.meper.com.co\/academia\/?page_id=2585"},"modified":"2026-01-28T15:28:04","modified_gmt":"2026-01-28T20:28:04","slug":"cursos-corporativos","status":"publish","type":"page","link":"https:\/\/www.meper.com.co\/academia\/cursos-corporativos\/","title":{"rendered":"Cursos Corporativos"},"content":{"rendered":"<p>[et_pb_section fb_built=\u00bb1&#8243; _builder_version=\u00bb4.16&#8243; background_enable_color=\u00bboff\u00bb use_background_color_gradient=\u00bbon\u00bb background_color_gradient_direction=\u00bb90deg\u00bb background_color_gradient_stops=\u00bb#000026 0%|rgba(255,255,255,0) 100%\u00bb background_color_gradient_start=\u00bb#000026&#8243; background_color_gradient_end=\u00bbrgba(255,255,255,0)\u00bb background_image=\u00bbhttps:\/\/www.meper.com.co\/academia\/wp-content\/uploads\/2021\/01\/pexels-marily-torres-776615-min.jpg\u00bb background_blend=\u00bboverlay\u00bb global_colors_info=\u00bb{}\u00bb][et_pb_row _builder_version=\u00bb4.16&#8243; global_colors_info=\u00bb{}\u00bb][et_pb_column type=\u00bb4_4&#8243; _builder_version=\u00bb4.16&#8243; global_colors_info=\u00bb{}\u00bb][et_pb_text _builder_version=\u00bb4.16&#8243; header_font_size=\u00bb60px\u00bb background_layout=\u00bbdark\u00bb global_colors_info=\u00bb{}\u00bb]<\/p>\n<h1>Cursos <span style=\"color: #00A0C6;\">Corporativos<\/span><\/h1>\n<p>[\/et_pb_text][\/et_pb_column][\/et_pb_row][\/et_pb_section][et_pb_section fb_built=\u00bb1&#8243; _builder_version=\u00bb4.16&#8243; locked=\u00bboff\u00bb global_colors_info=\u00bb{}\u00bb][et_pb_row column_structure=\u00bb1_3,1_3,1_3&#8243; make_equal=\u00bbon\u00bb _builder_version=\u00bb4.22.1&#8243; custom_margin=\u00bb|auto|-2px|auto||\u00bb locked=\u00bboff\u00bb global_colors_info=\u00bb{}\u00bb][et_pb_column type=\u00bb1_3&#8243; admin_label=\u00bbCurso 1&#8243; _builder_version=\u00bb4.16&#8243; custom_padding=\u00bb||30px||false|false\u00bb animation_style=\u00bbfold\u00bb border_radii=\u00bbon|7px|7px|7px|7px\u00bb border_width_all=\u00bb1px\u00bb border_color_all=\u00bb#d3d3d3&#8243; box_shadow_style=\u00bbpreset1&#8243; global_colors_info=\u00bb{}\u00bb transform_styles__hover_enabled=\u00bbon|hover\u00bb transform_scale__hover_enabled=\u00bbon|hover\u00bb transform_translate__hover_enabled=\u00bbon|desktop\u00bb transform_rotate__hover_enabled=\u00bbon|desktop\u00bb transform_skew__hover_enabled=\u00bbon|desktop\u00bb transform_origin__hover_enabled=\u00bbon|desktop\u00bb transform_scale__hover=\u00bb105%|105%\u00bb][et_pb_wc_images product=\u00bb2595&#8243; show_product_gallery=\u00bboff\u00bb show_sale_badge=\u00bboff\u00bb sale_badge_color=\u00bb#91152d\u00bb _builder_version=\u00bb4.16&#8243; _dynamic_attributes=\u00bblink_option_url\u00bb sale_badge_font=\u00bbRaleway||||||||\u00bb sale_badge_text_color=\u00bb#ffffff\u00bb sale_badge_font_size=\u00bb19px\u00bb link_option_url=\u00bb@ET-DC@eyJkeW5hbWljIjp0cnVlLCJjb250ZW50IjoicG9zdF9saW5rX3VybF9wYWdlIiwic2V0dGluZ3MiOnsicG9zdF9pZCI6IjI1OTAifX0=@\u00bb global_colors_info=\u00bb{}\u00bb][\/et_pb_wc_images][et_pb_wc_title product=\u00bb2595&#8243; _builder_version=\u00bb4.16&#8243; _dynamic_attributes=\u00bblink_option_url\u00bb header_font=\u00bb|700|||||||\u00bb header_font_size=\u00bb23px\u00bb custom_margin=\u00bb||6px||false|false\u00bb custom_padding=\u00bb|20px||20px|true|true\u00bb link_option_url=\u00bb@ET-DC@eyJkeW5hbWljIjp0cnVlLCJjb250ZW50IjoicG9zdF9saW5rX3VybF9wYWdlIiwic2V0dGluZ3MiOnsicG9zdF9pZCI6IjI1OTAifX0=@\u00bb global_colors_info=\u00bb{}\u00bb][\/et_pb_wc_title][\/et_pb_column][et_pb_column type=\u00bb1_3&#8243; admin_label=\u00bbCurso 1&#8243; _builder_version=\u00bb4.22.1&#8243; custom_padding=\u00bb||30px||false|false\u00bb animation_style=\u00bbfold\u00bb border_color_all=\u00bb#d3d3d3&#8243; global_colors_info=\u00bb{}\u00bb transform_styles__hover_enabled=\u00bbon|hover\u00bb transform_scale__hover_enabled=\u00bbon|hover\u00bb transform_translate__hover_enabled=\u00bbon|desktop\u00bb transform_rotate__hover_enabled=\u00bbon|desktop\u00bb transform_skew__hover_enabled=\u00bbon|desktop\u00bb transform_origin__hover_enabled=\u00bbon|desktop\u00bb transform_scale__hover=\u00bb105%|105%\u00bb][\/et_pb_column][et_pb_column type=\u00bb1_3&#8243; admin_label=\u00bbCurso 3&#8243; _builder_version=\u00bb4.22.1&#8243; border_radii=\u00bbon|7px|7px|7px|7px\u00bb global_colors_info=\u00bb{}\u00bb][\/et_pb_column][\/et_pb_row][\/et_pb_section][et_pb_section fb_built=\u00bb1&#8243; _builder_version=\u00bb4.16&#8243; background_color=\u00bb#F7F7F7&#8243; global_colors_info=\u00bb{}\u00bb][et_pb_row column_structure=\u00bb1_4,1_4,1_4,1_4&#8243; use_custom_gutter=\u00bbon\u00bb gutter_width=\u00bb2&#8243; _builder_version=\u00bb4.16&#8243; global_colors_info=\u00bb{}\u00bb][et_pb_column type=\u00bb1_4&#8243; _builder_version=\u00bb4.16&#8243; custom_padding=\u00bb|||\u00bb global_colors_info=\u00bb{}\u00bb custom_padding__hover=\u00bb|||\u00bb][et_pb_blurb title=\u00bbAcceso Inmediato\u00bb use_icon=\u00bbon\u00bb font_icon=\u00bb&#xe000;||divi||400&#8243; icon_placement=\u00bbleft\u00bb _builder_version=\u00bb4.16&#8243; header_font=\u00bb|600||on|||||\u00bb body_font=\u00bb|300|||||||\u00bb global_colors_info=\u00bb{}\u00bb]<\/p>\n<p>Pagas el curso y accedes de inmediato<\/p>\n<p>[\/et_pb_blurb][\/et_pb_column][et_pb_column type=\u00bb1_4&#8243; _builder_version=\u00bb4.16&#8243; custom_padding=\u00bb|||\u00bb global_colors_info=\u00bb{}\u00bb custom_padding__hover=\u00bb|||\u00bb][et_pb_blurb title=\u00bbACCESO ILIMITADO\u00bb use_icon=\u00bbon\u00bb font_icon=\u00bb&#xe001;||divi||400&#8243; icon_placement=\u00bbleft\u00bb _builder_version=\u00bb4.16&#8243; header_font=\u00bb|600||on|||||\u00bb body_font=\u00bb|300|||||||\u00bb global_colors_info=\u00bb{}\u00bb]<\/p>\n<p>Acceso ilimitado las 24 horas del d\u00eda<\/p>\n<p>[\/et_pb_blurb][\/et_pb_column][et_pb_column type=\u00bb1_4&#8243; _builder_version=\u00bb4.16&#8243; custom_padding=\u00bb|||\u00bb global_colors_info=\u00bb{}\u00bb custom_padding__hover=\u00bb|||\u00bb][et_pb_blurb title=\u00bbCertificado\u00bb use_icon=\u00bbon\u00bb font_icon=\u00bb&#xe031;||divi||400&#8243; icon_placement=\u00bbleft\u00bb _builder_version=\u00bb4.16&#8243; header_font=\u00bb|600||on|||||\u00bb body_font=\u00bb|300|||||||\u00bb global_colors_info=\u00bb{}\u00bb]<\/p>\n<p>Descarga tu Certificado de Participaci\u00f3n<\/p>\n<p>[\/et_pb_blurb][\/et_pb_column][et_pb_column type=\u00bb1_4&#8243; _builder_version=\u00bb4.16&#8243; custom_padding=\u00bb|||\u00bb global_colors_info=\u00bb{}\u00bb custom_padding__hover=\u00bb|||\u00bb][et_pb_blurb title=\u00bbGarant\u00eda\u00bb use_icon=\u00bbon\u00bb font_icon=\u00bb&#xe106;||divi||400&#8243; icon_placement=\u00bbleft\u00bb _builder_version=\u00bb4.16&#8243; header_font=\u00bb|600||on|||||\u00bb body_font=\u00bb|300|||||||\u00bb global_colors_info=\u00bb{}\u00bb]<\/p>\n<p>Completa Garant\u00eda de Satisfacci\u00f3n<\/p>\n<p>[\/et_pb_blurb][\/et_pb_column][\/et_pb_row][\/et_pb_section]<\/p>\n","protected":false},"excerpt":{"rendered":"<p>Cursos CorporativosPagas el curso y accedes de inmediatoAcceso ilimitado las 24 horas del d\u00edaDescarga tu Certificado de Participaci\u00f3nCompleta Garant\u00eda de Satisfacci\u00f3n<\/p>\n","protected":false},"author":5,"featured_media":0,"parent":0,"menu_order":0,"comment_status":"closed","ping_status":"closed","template":"","meta":{"_et_pb_use_builder":"on","_et_pb_old_content":"","_et_gb_content_width":"","_joinchat":[],"footnotes":""},"class_list":["post-2585","page","type-page","status-publish","hentry"],"yoast_head":"<!-- This site is optimized with the Yoast SEO plugin v27.3 - https:\/\/yoast.com\/product\/yoast-seo-wordpress\/ -->\n<title>Oferta de Cursos - MEPER SOLUTIONS<\/title>\n<meta name=\"description\" content=\"Cursos online en normas ISO 9001, ISO 14001, ISO 45001, Formaci\u00f3n de Auditores Internos, indicadores, Seguridad y Salud en el Trabajo y temas relacionados\" \/>\n<meta name=\"robots\" content=\"index, follow, max-snippet:-1, max-image-preview:large, max-video-preview:-1\" \/>\n<link rel=\"canonical\" href=\"https:\/\/www.meper.com.co\/academia\/cursos-corporativos\/\" \/>\n<meta property=\"og:locale\" content=\"es_ES\" \/>\n<meta property=\"og:type\" content=\"article\" \/>\n<meta property=\"og:title\" content=\"Oferta de Cursos - MEPER SOLUTIONS\" \/>\n<meta property=\"og:description\" content=\"Cursos online en normas ISO 9001, ISO 14001, ISO 45001, Formaci\u00f3n de Auditores Internos, indicadores, Seguridad y Salud en el Trabajo y temas relacionados\" \/>\n<meta property=\"og:url\" content=\"https:\/\/www.meper.com.co\/academia\/cursos-corporativos\/\" \/>\n<meta property=\"og:site_name\" content=\"MEPER SOLUTIONS\" \/>\n<meta property=\"article:modified_time\" content=\"2026-01-28T20:28:04+00:00\" \/>\n<meta name=\"twitter:card\" content=\"summary_large_image\" \/>\n<meta name=\"twitter:label1\" content=\"Tiempo de lectura\" \/>\n\t<meta name=\"twitter:data1\" content=\"1 minuto\" \/>\n<script type=\"application\/ld+json\" class=\"yoast-schema-graph\">{\"@context\":\"https:\\\/\\\/schema.org\",\"@graph\":[{\"@type\":\"WebPage\",\"@id\":\"https:\\\/\\\/www.meper.com.co\\\/academia\\\/cursos-corporativos\\\/\",\"url\":\"https:\\\/\\\/www.meper.com.co\\\/academia\\\/cursos-corporativos\\\/\",\"name\":\"Oferta de Cursos - MEPER SOLUTIONS\",\"isPartOf\":{\"@id\":\"https:\\\/\\\/www.meper.com.co\\\/academia\\\/#website\"},\"datePublished\":\"2021-01-14T21:03:20+00:00\",\"dateModified\":\"2026-01-28T20:28:04+00:00\",\"description\":\"Cursos online en normas ISO 9001, ISO 14001, ISO 45001, Formaci\u00f3n de Auditores Internos, indicadores, Seguridad y Salud en el Trabajo y temas relacionados\",\"breadcrumb\":{\"@id\":\"https:\\\/\\\/www.meper.com.co\\\/academia\\\/cursos-corporativos\\\/#breadcrumb\"},\"inLanguage\":\"es\",\"potentialAction\":[{\"@type\":\"ReadAction\",\"target\":[\"https:\\\/\\\/www.meper.com.co\\\/academia\\\/cursos-corporativos\\\/\"]}]},{\"@type\":\"BreadcrumbList\",\"@id\":\"https:\\\/\\\/www.meper.com.co\\\/academia\\\/cursos-corporativos\\\/#breadcrumb\",\"itemListElement\":[{\"@type\":\"ListItem\",\"position\":1,\"name\":\"Portada\",\"item\":\"https:\\\/\\\/www.meper.com.co\\\/academia\\\/\"},{\"@type\":\"ListItem\",\"position\":2,\"name\":\"Cursos Corporativos\"}]},{\"@type\":\"WebSite\",\"@id\":\"https:\\\/\\\/www.meper.com.co\\\/academia\\\/#website\",\"url\":\"https:\\\/\\\/www.meper.com.co\\\/academia\\\/\",\"name\":\"MEPER SOLUTIONS\",\"description\":\"Consultores\",\"potentialAction\":[{\"@type\":\"SearchAction\",\"target\":{\"@type\":\"EntryPoint\",\"urlTemplate\":\"https:\\\/\\\/www.meper.com.co\\\/academia\\\/?s={search_term_string}\"},\"query-input\":{\"@type\":\"PropertyValueSpecification\",\"valueRequired\":true,\"valueName\":\"search_term_string\"}}],\"inLanguage\":\"es\"}]}<\/script>\n<!-- \/ Yoast SEO plugin. -->","yoast_head_json":{"title":"Oferta de Cursos - MEPER SOLUTIONS","description":"Cursos online en normas ISO 9001, ISO 14001, ISO 45001, Formaci\u00f3n de Auditores Internos, indicadores, Seguridad y Salud en el Trabajo y temas relacionados","robots":{"index":"index","follow":"follow","max-snippet":"max-snippet:-1","max-image-preview":"max-image-preview:large","max-video-preview":"max-video-preview:-1"},"canonical":"https:\/\/www.meper.com.co\/academia\/cursos-corporativos\/","og_locale":"es_ES","og_type":"article","og_title":"Oferta de Cursos - MEPER SOLUTIONS","og_description":"Cursos online en normas ISO 9001, ISO 14001, ISO 45001, Formaci\u00f3n de Auditores Internos, indicadores, Seguridad y Salud en el Trabajo y temas relacionados","og_url":"https:\/\/www.meper.com.co\/academia\/cursos-corporativos\/","og_site_name":"MEPER SOLUTIONS","article_modified_time":"2026-01-28T20:28:04+00:00","twitter_card":"summary_large_image","twitter_misc":{"Tiempo de lectura":"1 minuto"},"schema":{"@context":"https:\/\/schema.org","@graph":[{"@type":"WebPage","@id":"https:\/\/www.meper.com.co\/academia\/cursos-corporativos\/","url":"https:\/\/www.meper.com.co\/academia\/cursos-corporativos\/","name":"Oferta de Cursos - MEPER SOLUTIONS","isPartOf":{"@id":"https:\/\/www.meper.com.co\/academia\/#website"},"datePublished":"2021-01-14T21:03:20+00:00","dateModified":"2026-01-28T20:28:04+00:00","description":"Cursos online en normas ISO 9001, ISO 14001, ISO 45001, Formaci\u00f3n de Auditores Internos, indicadores, Seguridad y Salud en el Trabajo y temas relacionados","breadcrumb":{"@id":"https:\/\/www.meper.com.co\/academia\/cursos-corporativos\/#breadcrumb"},"inLanguage":"es","potentialAction":[{"@type":"ReadAction","target":["https:\/\/www.meper.com.co\/academia\/cursos-corporativos\/"]}]},{"@type":"BreadcrumbList","@id":"https:\/\/www.meper.com.co\/academia\/cursos-corporativos\/#breadcrumb","itemListElement":[{"@type":"ListItem","position":1,"name":"Portada","item":"https:\/\/www.meper.com.co\/academia\/"},{"@type":"ListItem","position":2,"name":"Cursos Corporativos"}]},{"@type":"WebSite","@id":"https:\/\/www.meper.com.co\/academia\/#website","url":"https:\/\/www.meper.com.co\/academia\/","name":"MEPER SOLUTIONS","description":"Consultores","potentialAction":[{"@type":"SearchAction","target":{"@type":"EntryPoint","urlTemplate":"https:\/\/www.meper.com.co\/academia\/?s={search_term_string}"},"query-input":{"@type":"PropertyValueSpecification","valueRequired":true,"valueName":"search_term_string"}}],"inLanguage":"es"}]}},"_links":{"self":[{"href":"https:\/\/www.meper.com.co\/academia\/wp-json\/wp\/v2\/pages\/2585","targetHints":{"allow":["GET"]}}],"collection":[{"href":"https:\/\/www.meper.com.co\/academia\/wp-json\/wp\/v2\/pages"}],"about":[{"href":"https:\/\/www.meper.com.co\/academia\/wp-json\/wp\/v2\/types\/page"}],"author":[{"embeddable":true,"href":"https:\/\/www.meper.com.co\/academia\/wp-json\/wp\/v2\/users\/5"}],"replies":[{"embeddable":true,"href":"https:\/\/www.meper.com.co\/academia\/wp-json\/wp\/v2\/comments?post=2585"}],"version-history":[{"count":20,"href":"https:\/\/www.meper.com.co\/academia\/wp-json\/wp\/v2\/pages\/2585\/revisions"}],"predecessor-version":[{"id":7543,"href":"https:\/\/www.meper.com.co\/academia\/wp-json\/wp\/v2\/pages\/2585\/revisions\/7543"}],"wp:attachment":[{"href":"https:\/\/www.meper.com.co\/academia\/wp-json\/wp\/v2\/media?parent=2585"}],"curies":[{"name":"wp","href":"https:\/\/api.w.org\/{rel}","templated":true}]}}