{"id":2595,"date":"2021-01-14T16:15:10","date_gmt":"2021-01-14T21:15:10","guid":{"rendered":"https:\/\/www.meper.com.co\/academia\/?post_type=product&#038;p=2595"},"modified":"2021-08-02T11:51:45","modified_gmt":"2021-08-02T16:51:45","slug":"induccion-corporativa-meper-solutions","status":"publish","type":"product","link":"https:\/\/www.meper.com.co\/academia\/producto\/induccion-corporativa-meper-solutions\/","title":{"rendered":"Inducci\u00f3n Corporativa MEPER  SOLUTIONS"},"content":{"rendered":"","protected":false},"excerpt":{"rendered":"","protected":false},"featured_media":2677,"comment_status":"open","ping_status":"closed","template":"","meta":{"_et_pb_use_builder":"","_et_pb_old_content":"","_et_gb_content_width":"","_joinchat":[]},"product_brand":[],"product_cat":[21],"product_tag":[],"class_list":{"0":"post-2595","1":"product","2":"type-product","3":"status-publish","4":"has-post-thumbnail","6":"product_cat-cursos","8":"first","9":"instock","10":"sale","11":"virtual","12":"purchasable","13":"product-type-simple"},"yoast_head":"<!-- This site is optimized with the Yoast SEO plugin v27.3 - https:\/\/yoast.com\/product\/yoast-seo-wordpress\/ -->\n<title>Inducci\u00f3n Corporativa MEPER SOLUTIONS - MEPER SOLUTIONS<\/title>\n<meta name=\"description\" content=\"Contenido relacionado con la inducci\u00f3n corporativa de la compa\u00f1\u00eda MEPER SOLUTIONS para todos los colaboradores.\" \/>\n<meta name=\"robots\" content=\"index, follow, max-snippet:-1, max-image-preview:large, max-video-preview:-1\" \/>\n<link rel=\"canonical\" href=\"https:\/\/www.meper.com.co\/academia\/producto\/induccion-corporativa-meper-solutions\/\" \/>\n<meta property=\"og:locale\" content=\"es_ES\" \/>\n<meta property=\"og:type\" content=\"article\" \/>\n<meta property=\"og:title\" content=\"Inducci\u00f3n Corporativa MEPER SOLUTIONS - MEPER SOLUTIONS\" \/>\n<meta property=\"og:description\" content=\"Contenido relacionado con la inducci\u00f3n corporativa de la compa\u00f1\u00eda MEPER SOLUTIONS para todos los colaboradores.\" \/>\n<meta property=\"og:url\" content=\"https:\/\/www.meper.com.co\/academia\/producto\/induccion-corporativa-meper-solutions\/\" \/>\n<meta property=\"og:site_name\" content=\"MEPER SOLUTIONS\" \/>\n<meta property=\"article:modified_time\" content=\"2021-08-02T16:51:45+00:00\" \/>\n<meta property=\"og:image\" content=\"https:\/\/www.meper.com.co\/academia\/wp-content\/uploads\/2021\/01\/Miniatura_Curso_Induccion.jpg\" \/>\n\t<meta property=\"og:image:width\" content=\"317\" \/>\n\t<meta property=\"og:image:height\" content=\"213\" \/>\n\t<meta property=\"og:image:type\" content=\"image\/jpeg\" \/>\n<meta name=\"twitter:card\" content=\"summary_large_image\" \/>\n<script type=\"application\/ld+json\" class=\"yoast-schema-graph\">{\"@context\":\"https:\\\/\\\/schema.org\",\"@graph\":[{\"@type\":\"WebPage\",\"@id\":\"https:\\\/\\\/www.meper.com.co\\\/academia\\\/producto\\\/induccion-corporativa-meper-solutions\\\/\",\"url\":\"https:\\\/\\\/www.meper.com.co\\\/academia\\\/producto\\\/induccion-corporativa-meper-solutions\\\/\",\"name\":\"Inducci\u00f3n Corporativa MEPER SOLUTIONS - MEPER SOLUTIONS\",\"isPartOf\":{\"@id\":\"https:\\\/\\\/www.meper.com.co\\\/academia\\\/#website\"},\"primaryImageOfPage\":{\"@id\":\"https:\\\/\\\/www.meper.com.co\\\/academia\\\/producto\\\/induccion-corporativa-meper-solutions\\\/#primaryimage\"},\"image\":{\"@id\":\"https:\\\/\\\/www.meper.com.co\\\/academia\\\/producto\\\/induccion-corporativa-meper-solutions\\\/#primaryimage\"},\"thumbnailUrl\":\"https:\\\/\\\/www.meper.com.co\\\/academia\\\/wp-content\\\/uploads\\\/2021\\\/01\\\/Miniatura_Curso_Induccion.jpg\",\"datePublished\":\"2021-01-14T21:15:10+00:00\",\"dateModified\":\"2021-08-02T16:51:45+00:00\",\"description\":\"Contenido relacionado con la inducci\u00f3n corporativa de la compa\u00f1\u00eda MEPER SOLUTIONS para todos los colaboradores.\",\"breadcrumb\":{\"@id\":\"https:\\\/\\\/www.meper.com.co\\\/academia\\\/producto\\\/induccion-corporativa-meper-solutions\\\/#breadcrumb\"},\"inLanguage\":\"es\",\"potentialAction\":[{\"@type\":\"ReadAction\",\"target\":[\"https:\\\/\\\/www.meper.com.co\\\/academia\\\/producto\\\/induccion-corporativa-meper-solutions\\\/\"]}]},{\"@type\":\"ImageObject\",\"inLanguage\":\"es\",\"@id\":\"https:\\\/\\\/www.meper.com.co\\\/academia\\\/producto\\\/induccion-corporativa-meper-solutions\\\/#primaryimage\",\"url\":\"https:\\\/\\\/www.meper.com.co\\\/academia\\\/wp-content\\\/uploads\\\/2021\\\/01\\\/Miniatura_Curso_Induccion.jpg\",\"contentUrl\":\"https:\\\/\\\/www.meper.com.co\\\/academia\\\/wp-content\\\/uploads\\\/2021\\\/01\\\/Miniatura_Curso_Induccion.jpg\",\"width\":317,\"height\":213},{\"@type\":\"BreadcrumbList\",\"@id\":\"https:\\\/\\\/www.meper.com.co\\\/academia\\\/producto\\\/induccion-corporativa-meper-solutions\\\/#breadcrumb\",\"itemListElement\":[{\"@type\":\"ListItem\",\"position\":1,\"name\":\"Portada\",\"item\":\"https:\\\/\\\/www.meper.com.co\\\/academia\\\/\"},{\"@type\":\"ListItem\",\"position\":2,\"name\":\"Tienda\",\"item\":\"https:\\\/\\\/www.meper.com.co\\\/academia\\\/tienda\\\/\"},{\"@type\":\"ListItem\",\"position\":3,\"name\":\"Inducci\u00f3n Corporativa MEPER SOLUTIONS\"}]},{\"@type\":\"WebSite\",\"@id\":\"https:\\\/\\\/www.meper.com.co\\\/academia\\\/#website\",\"url\":\"https:\\\/\\\/www.meper.com.co\\\/academia\\\/\",\"name\":\"MEPER SOLUTIONS\",\"description\":\"Consultores\",\"potentialAction\":[{\"@type\":\"SearchAction\",\"target\":{\"@type\":\"EntryPoint\",\"urlTemplate\":\"https:\\\/\\\/www.meper.com.co\\\/academia\\\/?s={search_term_string}\"},\"query-input\":{\"@type\":\"PropertyValueSpecification\",\"valueRequired\":true,\"valueName\":\"search_term_string\"}}],\"inLanguage\":\"es\"}]}<\/script>\n<!-- \/ Yoast SEO plugin. -->","yoast_head_json":{"title":"Inducci\u00f3n Corporativa MEPER SOLUTIONS - MEPER SOLUTIONS","description":"Contenido relacionado con la inducci\u00f3n corporativa de la compa\u00f1\u00eda MEPER SOLUTIONS para todos los colaboradores.","robots":{"index":"index","follow":"follow","max-snippet":"max-snippet:-1","max-image-preview":"max-image-preview:large","max-video-preview":"max-video-preview:-1"},"canonical":"https:\/\/www.meper.com.co\/academia\/producto\/induccion-corporativa-meper-solutions\/","og_locale":"es_ES","og_type":"article","og_title":"Inducci\u00f3n Corporativa MEPER SOLUTIONS - MEPER SOLUTIONS","og_description":"Contenido relacionado con la inducci\u00f3n corporativa de la compa\u00f1\u00eda MEPER SOLUTIONS para todos los colaboradores.","og_url":"https:\/\/www.meper.com.co\/academia\/producto\/induccion-corporativa-meper-solutions\/","og_site_name":"MEPER SOLUTIONS","article_modified_time":"2021-08-02T16:51:45+00:00","og_image":[{"width":317,"height":213,"url":"https:\/\/www.meper.com.co\/academia\/wp-content\/uploads\/2021\/01\/Miniatura_Curso_Induccion.jpg","type":"image\/jpeg"}],"twitter_card":"summary_large_image","schema":{"@context":"https:\/\/schema.org","@graph":[{"@type":"WebPage","@id":"https:\/\/www.meper.com.co\/academia\/producto\/induccion-corporativa-meper-solutions\/","url":"https:\/\/www.meper.com.co\/academia\/producto\/induccion-corporativa-meper-solutions\/","name":"Inducci\u00f3n Corporativa MEPER SOLUTIONS - MEPER SOLUTIONS","isPartOf":{"@id":"https:\/\/www.meper.com.co\/academia\/#website"},"primaryImageOfPage":{"@id":"https:\/\/www.meper.com.co\/academia\/producto\/induccion-corporativa-meper-solutions\/#primaryimage"},"image":{"@id":"https:\/\/www.meper.com.co\/academia\/producto\/induccion-corporativa-meper-solutions\/#primaryimage"},"thumbnailUrl":"https:\/\/www.meper.com.co\/academia\/wp-content\/uploads\/2021\/01\/Miniatura_Curso_Induccion.jpg","datePublished":"2021-01-14T21:15:10+00:00","dateModified":"2021-08-02T16:51:45+00:00","description":"Contenido relacionado con la inducci\u00f3n corporativa de la compa\u00f1\u00eda MEPER SOLUTIONS para todos los colaboradores.","breadcrumb":{"@id":"https:\/\/www.meper.com.co\/academia\/producto\/induccion-corporativa-meper-solutions\/#breadcrumb"},"inLanguage":"es","potentialAction":[{"@type":"ReadAction","target":["https:\/\/www.meper.com.co\/academia\/producto\/induccion-corporativa-meper-solutions\/"]}]},{"@type":"ImageObject","inLanguage":"es","@id":"https:\/\/www.meper.com.co\/academia\/producto\/induccion-corporativa-meper-solutions\/#primaryimage","url":"https:\/\/www.meper.com.co\/academia\/wp-content\/uploads\/2021\/01\/Miniatura_Curso_Induccion.jpg","contentUrl":"https:\/\/www.meper.com.co\/academia\/wp-content\/uploads\/2021\/01\/Miniatura_Curso_Induccion.jpg","width":317,"height":213},{"@type":"BreadcrumbList","@id":"https:\/\/www.meper.com.co\/academia\/producto\/induccion-corporativa-meper-solutions\/#breadcrumb","itemListElement":[{"@type":"ListItem","position":1,"name":"Portada","item":"https:\/\/www.meper.com.co\/academia\/"},{"@type":"ListItem","position":2,"name":"Tienda","item":"https:\/\/www.meper.com.co\/academia\/tienda\/"},{"@type":"ListItem","position":3,"name":"Inducci\u00f3n Corporativa MEPER SOLUTIONS"}]},{"@type":"WebSite","@id":"https:\/\/www.meper.com.co\/academia\/#website","url":"https:\/\/www.meper.com.co\/academia\/","name":"MEPER SOLUTIONS","description":"Consultores","potentialAction":[{"@type":"SearchAction","target":{"@type":"EntryPoint","urlTemplate":"https:\/\/www.meper.com.co\/academia\/?s={search_term_string}"},"query-input":{"@type":"PropertyValueSpecification","valueRequired":true,"valueName":"search_term_string"}}],"inLanguage":"es"}]}},"_links":{"self":[{"href":"https:\/\/www.meper.com.co\/academia\/wp-json\/wp\/v2\/product\/2595","targetHints":{"allow":["GET"]}}],"collection":[{"href":"https:\/\/www.meper.com.co\/academia\/wp-json\/wp\/v2\/product"}],"about":[{"href":"https:\/\/www.meper.com.co\/academia\/wp-json\/wp\/v2\/types\/product"}],"replies":[{"embeddable":true,"href":"https:\/\/www.meper.com.co\/academia\/wp-json\/wp\/v2\/comments?post=2595"}],"wp:featuredmedia":[{"embeddable":true,"href":"https:\/\/www.meper.com.co\/academia\/wp-json\/wp\/v2\/media\/2677"}],"wp:attachment":[{"href":"https:\/\/www.meper.com.co\/academia\/wp-json\/wp\/v2\/media?parent=2595"}],"wp:term":[{"taxonomy":"product_brand","embeddable":true,"href":"https:\/\/www.meper.com.co\/academia\/wp-json\/wp\/v2\/product_brand?post=2595"},{"taxonomy":"product_cat","embeddable":true,"href":"https:\/\/www.meper.com.co\/academia\/wp-json\/wp\/v2\/product_cat?post=2595"},{"taxonomy":"product_tag","embeddable":true,"href":"https:\/\/www.meper.com.co\/academia\/wp-json\/wp\/v2\/product_tag?post=2595"}],"curies":[{"name":"wp","href":"https:\/\/api.w.org\/{rel}","templated":true}]}}