{"id":3604,"date":"2021-06-23T10:14:26","date_gmt":"2021-06-23T15:14:26","guid":{"rendered":"https:\/\/www.meper.com.co\/academia\/?post_type=product&#038;p=3604"},"modified":"2021-10-14T16:09:23","modified_gmt":"2021-10-14T21:09:23","slug":"auditor_interno_9001","status":"publish","type":"product","link":"https:\/\/www.meper.com.co\/academia\/producto\/auditor_interno_9001\/","title":{"rendered":"Certificaci\u00f3n de Auditor Interno Sistema de Gesti\u00f3n de la Calidad ISO 9001"},"content":{"rendered":"","protected":false},"excerpt":{"rendered":"","protected":false},"featured_media":3912,"comment_status":"open","ping_status":"closed","template":"","meta":{"_et_pb_use_builder":"","_et_pb_old_content":"","_et_gb_content_width":"","_joinchat":[]},"product_brand":[],"product_cat":[21],"product_tag":[],"class_list":{"0":"post-3604","1":"product","2":"type-product","3":"status-publish","4":"has-post-thumbnail","6":"product_cat-cursos","8":"first","9":"instock","10":"sale","11":"virtual","12":"purchasable","13":"product-type-simple"},"yoast_head":"<!-- This site is optimized with the Yoast SEO plugin v27.3 - https:\/\/yoast.com\/product\/yoast-seo-wordpress\/ -->\n<title>Certificaci\u00f3n de Auditor Interno Sistema de Gesti\u00f3n de la Calidad ISO 9001 - MEPER SOLUTIONS<\/title>\n<meta name=\"description\" content=\"ISO 9001 - AUDITOR INTERNO - SGC - SISTEMA DE GESTI\u00d3N DE LA CALIDAD - ISO 19011 - T\u00c9CNICAS DE AUDITOR\u00cdA - CERTIFICACI\u00d3N AUDITOR\" \/>\n<meta name=\"robots\" content=\"index, follow, max-snippet:-1, max-image-preview:large, max-video-preview:-1\" \/>\n<link rel=\"canonical\" href=\"https:\/\/www.meper.com.co\/academia\/producto\/auditor_interno_9001\/\" \/>\n<meta property=\"og:locale\" content=\"es_ES\" \/>\n<meta property=\"og:type\" content=\"article\" \/>\n<meta property=\"og:title\" content=\"Certificaci\u00f3n de Auditor Interno Sistema de Gesti\u00f3n de la Calidad ISO 9001 - MEPER SOLUTIONS\" \/>\n<meta property=\"og:description\" content=\"ISO 9001 - AUDITOR INTERNO - SGC - SISTEMA DE GESTI\u00d3N DE LA CALIDAD - ISO 19011 - T\u00c9CNICAS DE AUDITOR\u00cdA - CERTIFICACI\u00d3N AUDITOR\" \/>\n<meta property=\"og:url\" content=\"https:\/\/www.meper.com.co\/academia\/producto\/auditor_interno_9001\/\" \/>\n<meta property=\"og:site_name\" content=\"MEPER SOLUTIONS\" \/>\n<meta property=\"article:modified_time\" content=\"2021-10-14T21:09:23+00:00\" \/>\n<meta property=\"og:image\" content=\"https:\/\/www.meper.com.co\/academia\/wp-content\/uploads\/2021\/06\/Imagen-2-Auditores-iso-9001.png\" \/>\n\t<meta property=\"og:image:width\" content=\"792\" \/>\n\t<meta property=\"og:image:height\" content=\"612\" \/>\n\t<meta property=\"og:image:type\" content=\"image\/png\" \/>\n<meta name=\"twitter:card\" content=\"summary_large_image\" \/>\n<script type=\"application\/ld+json\" class=\"yoast-schema-graph\">{\"@context\":\"https:\\\/\\\/schema.org\",\"@graph\":[{\"@type\":\"WebPage\",\"@id\":\"https:\\\/\\\/www.meper.com.co\\\/academia\\\/producto\\\/auditor_interno_9001\\\/\",\"url\":\"https:\\\/\\\/www.meper.com.co\\\/academia\\\/producto\\\/auditor_interno_9001\\\/\",\"name\":\"Certificaci\u00f3n de Auditor Interno Sistema de Gesti\u00f3n de la Calidad ISO 9001 - MEPER SOLUTIONS\",\"isPartOf\":{\"@id\":\"https:\\\/\\\/www.meper.com.co\\\/academia\\\/#website\"},\"primaryImageOfPage\":{\"@id\":\"https:\\\/\\\/www.meper.com.co\\\/academia\\\/producto\\\/auditor_interno_9001\\\/#primaryimage\"},\"image\":{\"@id\":\"https:\\\/\\\/www.meper.com.co\\\/academia\\\/producto\\\/auditor_interno_9001\\\/#primaryimage\"},\"thumbnailUrl\":\"https:\\\/\\\/www.meper.com.co\\\/academia\\\/wp-content\\\/uploads\\\/2021\\\/06\\\/Imagen-2-Auditores-iso-9001.png\",\"datePublished\":\"2021-06-23T15:14:26+00:00\",\"dateModified\":\"2021-10-14T21:09:23+00:00\",\"description\":\"ISO 9001 - AUDITOR INTERNO - SGC - SISTEMA DE GESTI\u00d3N DE LA CALIDAD - ISO 19011 - T\u00c9CNICAS DE AUDITOR\u00cdA - CERTIFICACI\u00d3N AUDITOR\",\"breadcrumb\":{\"@id\":\"https:\\\/\\\/www.meper.com.co\\\/academia\\\/producto\\\/auditor_interno_9001\\\/#breadcrumb\"},\"inLanguage\":\"es\",\"potentialAction\":[{\"@type\":\"ReadAction\",\"target\":[\"https:\\\/\\\/www.meper.com.co\\\/academia\\\/producto\\\/auditor_interno_9001\\\/\"]}]},{\"@type\":\"ImageObject\",\"inLanguage\":\"es\",\"@id\":\"https:\\\/\\\/www.meper.com.co\\\/academia\\\/producto\\\/auditor_interno_9001\\\/#primaryimage\",\"url\":\"https:\\\/\\\/www.meper.com.co\\\/academia\\\/wp-content\\\/uploads\\\/2021\\\/06\\\/Imagen-2-Auditores-iso-9001.png\",\"contentUrl\":\"https:\\\/\\\/www.meper.com.co\\\/academia\\\/wp-content\\\/uploads\\\/2021\\\/06\\\/Imagen-2-Auditores-iso-9001.png\",\"width\":792,\"height\":612,\"caption\":\"Curso de formaci\u00f3n de auditor interno en Sistema de Gesti\u00f3n de la Calidad ISO 9001\"},{\"@type\":\"BreadcrumbList\",\"@id\":\"https:\\\/\\\/www.meper.com.co\\\/academia\\\/producto\\\/auditor_interno_9001\\\/#breadcrumb\",\"itemListElement\":[{\"@type\":\"ListItem\",\"position\":1,\"name\":\"Portada\",\"item\":\"https:\\\/\\\/www.meper.com.co\\\/academia\\\/\"},{\"@type\":\"ListItem\",\"position\":2,\"name\":\"Tienda\",\"item\":\"https:\\\/\\\/www.meper.com.co\\\/academia\\\/tienda\\\/\"},{\"@type\":\"ListItem\",\"position\":3,\"name\":\"Certificaci\u00f3n de Auditor Interno Sistema de Gesti\u00f3n de la Calidad ISO 9001\"}]},{\"@type\":\"WebSite\",\"@id\":\"https:\\\/\\\/www.meper.com.co\\\/academia\\\/#website\",\"url\":\"https:\\\/\\\/www.meper.com.co\\\/academia\\\/\",\"name\":\"MEPER SOLUTIONS\",\"description\":\"Consultores\",\"potentialAction\":[{\"@type\":\"SearchAction\",\"target\":{\"@type\":\"EntryPoint\",\"urlTemplate\":\"https:\\\/\\\/www.meper.com.co\\\/academia\\\/?s={search_term_string}\"},\"query-input\":{\"@type\":\"PropertyValueSpecification\",\"valueRequired\":true,\"valueName\":\"search_term_string\"}}],\"inLanguage\":\"es\"}]}<\/script>\n<!-- \/ Yoast SEO plugin. -->","yoast_head_json":{"title":"Certificaci\u00f3n de Auditor Interno Sistema de Gesti\u00f3n de la Calidad ISO 9001 - MEPER SOLUTIONS","description":"ISO 9001 - AUDITOR INTERNO - SGC - SISTEMA DE GESTI\u00d3N DE LA CALIDAD - ISO 19011 - T\u00c9CNICAS DE AUDITOR\u00cdA - CERTIFICACI\u00d3N AUDITOR","robots":{"index":"index","follow":"follow","max-snippet":"max-snippet:-1","max-image-preview":"max-image-preview:large","max-video-preview":"max-video-preview:-1"},"canonical":"https:\/\/www.meper.com.co\/academia\/producto\/auditor_interno_9001\/","og_locale":"es_ES","og_type":"article","og_title":"Certificaci\u00f3n de Auditor Interno Sistema de Gesti\u00f3n de la Calidad ISO 9001 - MEPER SOLUTIONS","og_description":"ISO 9001 - AUDITOR INTERNO - SGC - SISTEMA DE GESTI\u00d3N DE LA CALIDAD - ISO 19011 - T\u00c9CNICAS DE AUDITOR\u00cdA - CERTIFICACI\u00d3N AUDITOR","og_url":"https:\/\/www.meper.com.co\/academia\/producto\/auditor_interno_9001\/","og_site_name":"MEPER SOLUTIONS","article_modified_time":"2021-10-14T21:09:23+00:00","og_image":[{"width":792,"height":612,"url":"https:\/\/www.meper.com.co\/academia\/wp-content\/uploads\/2021\/06\/Imagen-2-Auditores-iso-9001.png","type":"image\/png"}],"twitter_card":"summary_large_image","schema":{"@context":"https:\/\/schema.org","@graph":[{"@type":"WebPage","@id":"https:\/\/www.meper.com.co\/academia\/producto\/auditor_interno_9001\/","url":"https:\/\/www.meper.com.co\/academia\/producto\/auditor_interno_9001\/","name":"Certificaci\u00f3n de Auditor Interno Sistema de Gesti\u00f3n de la Calidad ISO 9001 - MEPER SOLUTIONS","isPartOf":{"@id":"https:\/\/www.meper.com.co\/academia\/#website"},"primaryImageOfPage":{"@id":"https:\/\/www.meper.com.co\/academia\/producto\/auditor_interno_9001\/#primaryimage"},"image":{"@id":"https:\/\/www.meper.com.co\/academia\/producto\/auditor_interno_9001\/#primaryimage"},"thumbnailUrl":"https:\/\/www.meper.com.co\/academia\/wp-content\/uploads\/2021\/06\/Imagen-2-Auditores-iso-9001.png","datePublished":"2021-06-23T15:14:26+00:00","dateModified":"2021-10-14T21:09:23+00:00","description":"ISO 9001 - AUDITOR INTERNO - SGC - SISTEMA DE GESTI\u00d3N DE LA CALIDAD - ISO 19011 - T\u00c9CNICAS DE AUDITOR\u00cdA - CERTIFICACI\u00d3N AUDITOR","breadcrumb":{"@id":"https:\/\/www.meper.com.co\/academia\/producto\/auditor_interno_9001\/#breadcrumb"},"inLanguage":"es","potentialAction":[{"@type":"ReadAction","target":["https:\/\/www.meper.com.co\/academia\/producto\/auditor_interno_9001\/"]}]},{"@type":"ImageObject","inLanguage":"es","@id":"https:\/\/www.meper.com.co\/academia\/producto\/auditor_interno_9001\/#primaryimage","url":"https:\/\/www.meper.com.co\/academia\/wp-content\/uploads\/2021\/06\/Imagen-2-Auditores-iso-9001.png","contentUrl":"https:\/\/www.meper.com.co\/academia\/wp-content\/uploads\/2021\/06\/Imagen-2-Auditores-iso-9001.png","width":792,"height":612,"caption":"Curso de formaci\u00f3n de auditor interno en Sistema de Gesti\u00f3n de la Calidad ISO 9001"},{"@type":"BreadcrumbList","@id":"https:\/\/www.meper.com.co\/academia\/producto\/auditor_interno_9001\/#breadcrumb","itemListElement":[{"@type":"ListItem","position":1,"name":"Portada","item":"https:\/\/www.meper.com.co\/academia\/"},{"@type":"ListItem","position":2,"name":"Tienda","item":"https:\/\/www.meper.com.co\/academia\/tienda\/"},{"@type":"ListItem","position":3,"name":"Certificaci\u00f3n de Auditor Interno Sistema de Gesti\u00f3n de la Calidad ISO 9001"}]},{"@type":"WebSite","@id":"https:\/\/www.meper.com.co\/academia\/#website","url":"https:\/\/www.meper.com.co\/academia\/","name":"MEPER SOLUTIONS","description":"Consultores","potentialAction":[{"@type":"SearchAction","target":{"@type":"EntryPoint","urlTemplate":"https:\/\/www.meper.com.co\/academia\/?s={search_term_string}"},"query-input":{"@type":"PropertyValueSpecification","valueRequired":true,"valueName":"search_term_string"}}],"inLanguage":"es"}]}},"_links":{"self":[{"href":"https:\/\/www.meper.com.co\/academia\/wp-json\/wp\/v2\/product\/3604","targetHints":{"allow":["GET"]}}],"collection":[{"href":"https:\/\/www.meper.com.co\/academia\/wp-json\/wp\/v2\/product"}],"about":[{"href":"https:\/\/www.meper.com.co\/academia\/wp-json\/wp\/v2\/types\/product"}],"replies":[{"embeddable":true,"href":"https:\/\/www.meper.com.co\/academia\/wp-json\/wp\/v2\/comments?post=3604"}],"wp:featuredmedia":[{"embeddable":true,"href":"https:\/\/www.meper.com.co\/academia\/wp-json\/wp\/v2\/media\/3912"}],"wp:attachment":[{"href":"https:\/\/www.meper.com.co\/academia\/wp-json\/wp\/v2\/media?parent=3604"}],"wp:term":[{"taxonomy":"product_brand","embeddable":true,"href":"https:\/\/www.meper.com.co\/academia\/wp-json\/wp\/v2\/product_brand?post=3604"},{"taxonomy":"product_cat","embeddable":true,"href":"https:\/\/www.meper.com.co\/academia\/wp-json\/wp\/v2\/product_cat?post=3604"},{"taxonomy":"product_tag","embeddable":true,"href":"https:\/\/www.meper.com.co\/academia\/wp-json\/wp\/v2\/product_tag?post=3604"}],"curies":[{"name":"wp","href":"https:\/\/api.w.org\/{rel}","templated":true}]}}