{"id":4094,"date":"2021-08-19T16:55:40","date_gmt":"2021-08-19T21:55:40","guid":{"rendered":"https:\/\/www.meper.com.co\/academia\/?post_type=product&#038;p=4094"},"modified":"2021-09-06T16:58:36","modified_gmt":"2021-09-06T21:58:36","slug":"induccion-corporativa-simac","status":"publish","type":"product","link":"https:\/\/www.meper.com.co\/academia\/producto\/induccion-corporativa-simac\/","title":{"rendered":"Inducci\u00f3n Corporativa SIMAC"},"content":{"rendered":"","protected":false},"excerpt":{"rendered":"","protected":false},"featured_media":4374,"comment_status":"open","ping_status":"closed","template":"","meta":{"_et_pb_use_builder":"","_et_pb_old_content":"","_et_gb_content_width":"","_joinchat":[]},"product_brand":[],"product_cat":[21],"product_tag":[27],"class_list":{"0":"post-4094","1":"product","2":"type-product","3":"status-publish","4":"has-post-thumbnail","6":"product_cat-cursos","7":"product_tag-induccion-simac","9":"first","10":"instock","11":"sale","12":"virtual","13":"purchasable","14":"product-type-simple"},"yoast_head":"<!-- This site is optimized with the Yoast SEO plugin v27.3 - https:\/\/yoast.com\/product\/yoast-seo-wordpress\/ -->\n<title>Inducci\u00f3n Corporativa SIMAC - MEPER SOLUTIONS<\/title>\n<meta name=\"description\" content=\"Contenido relacionado con la inducci\u00f3n corporativa de la compa\u00f1\u00eda SIMAC SAS para todos los colaboradores\" \/>\n<meta name=\"robots\" content=\"index, follow, max-snippet:-1, max-image-preview:large, max-video-preview:-1\" \/>\n<link rel=\"canonical\" href=\"https:\/\/www.meper.com.co\/academia\/producto\/induccion-corporativa-simac\/\" \/>\n<meta property=\"og:locale\" content=\"es_ES\" \/>\n<meta property=\"og:type\" content=\"article\" \/>\n<meta property=\"og:title\" content=\"Inducci\u00f3n Corporativa SIMAC - MEPER SOLUTIONS\" \/>\n<meta property=\"og:description\" content=\"Contenido relacionado con la inducci\u00f3n corporativa de la compa\u00f1\u00eda SIMAC SAS para todos los colaboradores\" \/>\n<meta property=\"og:url\" content=\"https:\/\/www.meper.com.co\/academia\/producto\/induccion-corporativa-simac\/\" \/>\n<meta property=\"og:site_name\" content=\"MEPER SOLUTIONS\" \/>\n<meta property=\"article:modified_time\" content=\"2021-09-06T21:58:36+00:00\" \/>\n<meta property=\"og:image\" content=\"https:\/\/www.meper.com.co\/academia\/wp-content\/uploads\/2021\/08\/Induccio\u0301n-SIMAC-web-redimensionada.png\" \/>\n\t<meta property=\"og:image:width\" content=\"792\" \/>\n\t<meta property=\"og:image:height\" content=\"594\" \/>\n\t<meta property=\"og:image:type\" content=\"image\/png\" \/>\n<meta name=\"twitter:card\" content=\"summary_large_image\" \/>\n<script type=\"application\/ld+json\" class=\"yoast-schema-graph\">{\"@context\":\"https:\\\/\\\/schema.org\",\"@graph\":[{\"@type\":\"WebPage\",\"@id\":\"https:\\\/\\\/www.meper.com.co\\\/academia\\\/producto\\\/induccion-corporativa-simac\\\/\",\"url\":\"https:\\\/\\\/www.meper.com.co\\\/academia\\\/producto\\\/induccion-corporativa-simac\\\/\",\"name\":\"Inducci\u00f3n Corporativa SIMAC - MEPER SOLUTIONS\",\"isPartOf\":{\"@id\":\"https:\\\/\\\/www.meper.com.co\\\/academia\\\/#website\"},\"primaryImageOfPage\":{\"@id\":\"https:\\\/\\\/www.meper.com.co\\\/academia\\\/producto\\\/induccion-corporativa-simac\\\/#primaryimage\"},\"image\":{\"@id\":\"https:\\\/\\\/www.meper.com.co\\\/academia\\\/producto\\\/induccion-corporativa-simac\\\/#primaryimage\"},\"thumbnailUrl\":\"https:\\\/\\\/www.meper.com.co\\\/academia\\\/wp-content\\\/uploads\\\/2021\\\/08\\\/Induccio\u0301n-SIMAC-web-redimensionada.png\",\"datePublished\":\"2021-08-19T21:55:40+00:00\",\"dateModified\":\"2021-09-06T21:58:36+00:00\",\"description\":\"Contenido relacionado con la inducci\u00f3n corporativa de la compa\u00f1\u00eda SIMAC SAS para todos los colaboradores\",\"breadcrumb\":{\"@id\":\"https:\\\/\\\/www.meper.com.co\\\/academia\\\/producto\\\/induccion-corporativa-simac\\\/#breadcrumb\"},\"inLanguage\":\"es\",\"potentialAction\":[{\"@type\":\"ReadAction\",\"target\":[\"https:\\\/\\\/www.meper.com.co\\\/academia\\\/producto\\\/induccion-corporativa-simac\\\/\"]}]},{\"@type\":\"ImageObject\",\"inLanguage\":\"es\",\"@id\":\"https:\\\/\\\/www.meper.com.co\\\/academia\\\/producto\\\/induccion-corporativa-simac\\\/#primaryimage\",\"url\":\"https:\\\/\\\/www.meper.com.co\\\/academia\\\/wp-content\\\/uploads\\\/2021\\\/08\\\/Induccio\u0301n-SIMAC-web-redimensionada.png\",\"contentUrl\":\"https:\\\/\\\/www.meper.com.co\\\/academia\\\/wp-content\\\/uploads\\\/2021\\\/08\\\/Induccio\u0301n-SIMAC-web-redimensionada.png\",\"width\":792,\"height\":594,\"caption\":\"Portada Inducci\u00f3n SIMAC\"},{\"@type\":\"BreadcrumbList\",\"@id\":\"https:\\\/\\\/www.meper.com.co\\\/academia\\\/producto\\\/induccion-corporativa-simac\\\/#breadcrumb\",\"itemListElement\":[{\"@type\":\"ListItem\",\"position\":1,\"name\":\"Portada\",\"item\":\"https:\\\/\\\/www.meper.com.co\\\/academia\\\/\"},{\"@type\":\"ListItem\",\"position\":2,\"name\":\"Tienda\",\"item\":\"https:\\\/\\\/www.meper.com.co\\\/academia\\\/tienda\\\/\"},{\"@type\":\"ListItem\",\"position\":3,\"name\":\"Inducci\u00f3n Corporativa SIMAC\"}]},{\"@type\":\"WebSite\",\"@id\":\"https:\\\/\\\/www.meper.com.co\\\/academia\\\/#website\",\"url\":\"https:\\\/\\\/www.meper.com.co\\\/academia\\\/\",\"name\":\"MEPER SOLUTIONS\",\"description\":\"Consultores\",\"potentialAction\":[{\"@type\":\"SearchAction\",\"target\":{\"@type\":\"EntryPoint\",\"urlTemplate\":\"https:\\\/\\\/www.meper.com.co\\\/academia\\\/?s={search_term_string}\"},\"query-input\":{\"@type\":\"PropertyValueSpecification\",\"valueRequired\":true,\"valueName\":\"search_term_string\"}}],\"inLanguage\":\"es\"}]}<\/script>\n<!-- \/ Yoast SEO plugin. -->","yoast_head_json":{"title":"Inducci\u00f3n Corporativa SIMAC - MEPER SOLUTIONS","description":"Contenido relacionado con la inducci\u00f3n corporativa de la compa\u00f1\u00eda SIMAC SAS para todos los colaboradores","robots":{"index":"index","follow":"follow","max-snippet":"max-snippet:-1","max-image-preview":"max-image-preview:large","max-video-preview":"max-video-preview:-1"},"canonical":"https:\/\/www.meper.com.co\/academia\/producto\/induccion-corporativa-simac\/","og_locale":"es_ES","og_type":"article","og_title":"Inducci\u00f3n Corporativa SIMAC - MEPER SOLUTIONS","og_description":"Contenido relacionado con la inducci\u00f3n corporativa de la compa\u00f1\u00eda SIMAC SAS para todos los colaboradores","og_url":"https:\/\/www.meper.com.co\/academia\/producto\/induccion-corporativa-simac\/","og_site_name":"MEPER SOLUTIONS","article_modified_time":"2021-09-06T21:58:36+00:00","og_image":[{"width":792,"height":594,"url":"https:\/\/www.meper.com.co\/academia\/wp-content\/uploads\/2021\/08\/Induccio\u0301n-SIMAC-web-redimensionada.png","type":"image\/png"}],"twitter_card":"summary_large_image","schema":{"@context":"https:\/\/schema.org","@graph":[{"@type":"WebPage","@id":"https:\/\/www.meper.com.co\/academia\/producto\/induccion-corporativa-simac\/","url":"https:\/\/www.meper.com.co\/academia\/producto\/induccion-corporativa-simac\/","name":"Inducci\u00f3n Corporativa SIMAC - MEPER SOLUTIONS","isPartOf":{"@id":"https:\/\/www.meper.com.co\/academia\/#website"},"primaryImageOfPage":{"@id":"https:\/\/www.meper.com.co\/academia\/producto\/induccion-corporativa-simac\/#primaryimage"},"image":{"@id":"https:\/\/www.meper.com.co\/academia\/producto\/induccion-corporativa-simac\/#primaryimage"},"thumbnailUrl":"https:\/\/www.meper.com.co\/academia\/wp-content\/uploads\/2021\/08\/Induccio\u0301n-SIMAC-web-redimensionada.png","datePublished":"2021-08-19T21:55:40+00:00","dateModified":"2021-09-06T21:58:36+00:00","description":"Contenido relacionado con la inducci\u00f3n corporativa de la compa\u00f1\u00eda SIMAC SAS para todos los colaboradores","breadcrumb":{"@id":"https:\/\/www.meper.com.co\/academia\/producto\/induccion-corporativa-simac\/#breadcrumb"},"inLanguage":"es","potentialAction":[{"@type":"ReadAction","target":["https:\/\/www.meper.com.co\/academia\/producto\/induccion-corporativa-simac\/"]}]},{"@type":"ImageObject","inLanguage":"es","@id":"https:\/\/www.meper.com.co\/academia\/producto\/induccion-corporativa-simac\/#primaryimage","url":"https:\/\/www.meper.com.co\/academia\/wp-content\/uploads\/2021\/08\/Induccio\u0301n-SIMAC-web-redimensionada.png","contentUrl":"https:\/\/www.meper.com.co\/academia\/wp-content\/uploads\/2021\/08\/Induccio\u0301n-SIMAC-web-redimensionada.png","width":792,"height":594,"caption":"Portada Inducci\u00f3n SIMAC"},{"@type":"BreadcrumbList","@id":"https:\/\/www.meper.com.co\/academia\/producto\/induccion-corporativa-simac\/#breadcrumb","itemListElement":[{"@type":"ListItem","position":1,"name":"Portada","item":"https:\/\/www.meper.com.co\/academia\/"},{"@type":"ListItem","position":2,"name":"Tienda","item":"https:\/\/www.meper.com.co\/academia\/tienda\/"},{"@type":"ListItem","position":3,"name":"Inducci\u00f3n Corporativa SIMAC"}]},{"@type":"WebSite","@id":"https:\/\/www.meper.com.co\/academia\/#website","url":"https:\/\/www.meper.com.co\/academia\/","name":"MEPER SOLUTIONS","description":"Consultores","potentialAction":[{"@type":"SearchAction","target":{"@type":"EntryPoint","urlTemplate":"https:\/\/www.meper.com.co\/academia\/?s={search_term_string}"},"query-input":{"@type":"PropertyValueSpecification","valueRequired":true,"valueName":"search_term_string"}}],"inLanguage":"es"}]}},"_links":{"self":[{"href":"https:\/\/www.meper.com.co\/academia\/wp-json\/wp\/v2\/product\/4094","targetHints":{"allow":["GET"]}}],"collection":[{"href":"https:\/\/www.meper.com.co\/academia\/wp-json\/wp\/v2\/product"}],"about":[{"href":"https:\/\/www.meper.com.co\/academia\/wp-json\/wp\/v2\/types\/product"}],"replies":[{"embeddable":true,"href":"https:\/\/www.meper.com.co\/academia\/wp-json\/wp\/v2\/comments?post=4094"}],"wp:featuredmedia":[{"embeddable":true,"href":"https:\/\/www.meper.com.co\/academia\/wp-json\/wp\/v2\/media\/4374"}],"wp:attachment":[{"href":"https:\/\/www.meper.com.co\/academia\/wp-json\/wp\/v2\/media?parent=4094"}],"wp:term":[{"taxonomy":"product_brand","embeddable":true,"href":"https:\/\/www.meper.com.co\/academia\/wp-json\/wp\/v2\/product_brand?post=4094"},{"taxonomy":"product_cat","embeddable":true,"href":"https:\/\/www.meper.com.co\/academia\/wp-json\/wp\/v2\/product_cat?post=4094"},{"taxonomy":"product_tag","embeddable":true,"href":"https:\/\/www.meper.com.co\/academia\/wp-json\/wp\/v2\/product_tag?post=4094"}],"curies":[{"name":"wp","href":"https:\/\/api.w.org\/{rel}","templated":true}]}}